{"id":181,"date":"2023-09-21T20:44:51","date_gmt":"2023-09-21T20:44:51","guid":{"rendered":"https:\/\/www.stolli.co.at\/gasthof\/?page_id=181"},"modified":"2024-04-19T10:38:36","modified_gmt":"2024-04-19T10:38:36","slug":"about-us","status":"publish","type":"page","link":"https:\/\/www.stolli.co.at\/gasthof\/about-us\/","title":{"rendered":"\u00dcber uns"},"content":{"rendered":"\t\t<div data-elementor-type=\"wp-page\" data-elementor-id=\"181\" class=\"elementor elementor-181\" data-elementor-post-type=\"page\">\n\t\t\t\t\t\t<section class=\"elementor-section elementor-top-section elementor-element elementor-element-1ad2d6f elementor-section-boxed elementor-section-height-default elementor-section-height-default\" data-id=\"1ad2d6f\" data-element_type=\"section\" data-e-type=\"section\">\n\t\t\t\t\t\t<div class=\"elementor-container elementor-column-gap-default\">\n\t\t\t\t\t<div class=\"elementor-column elementor-col-100 elementor-top-column elementor-element elementor-element-49c874c\" data-id=\"49c874c\" data-element_type=\"column\" data-e-type=\"column\">\n\t\t\t<div class=\"elementor-widget-wrap elementor-element-populated\">\n\t\t\t\t\t\t<div class=\"elementor-element elementor-element-967867d elementor-widget elementor-widget-text-editor\" data-id=\"967867d\" data-element_type=\"widget\" data-e-type=\"widget\" data-widget_type=\"text-editor.default\">\n\t\t\t\t<div class=\"elementor-widget-container\">\n\t\t\t\t\t\t\t\t\t<p><strong>Liebe G\u00e4ste!<\/strong><\/p><p><strong><br><\/strong><\/p>\n<p>Wir freuen uns, euch auf unsere Homepage begr\u00fc\u00dfen zu d\u00fcrfen!<\/p>\n<p>Kurz zu uns. Wir, Petra und Robert, f\u00fchren unseren Betrieb mit Herzblut und Begeisterung und bewirten unsere G\u00e4ste aus Leidenschaft bereits in der 6. Generation.<\/p>\n<p>Bei uns findest du f\u00fcr jeden Anlass den richtigen Platz.<\/p>\n<p>Durch unsere, erst k\u00fcrzlich durchgef\u00fchrten, Renovierungen ist es uns gelungen, modernes und traditionelles miteinander zu kombinieren.<\/p><p><br><\/p>\n<p>Wir freuen uns auf eine sch\u00f6ne Zeit mit euch und bis bald!<\/p>\n<p>Euer Stolli- Team<\/p>\t\t\t\t\t\t\t\t<\/div>\n\t\t\t\t<\/div>\n\t\t\t\t\t<\/div>\n\t\t<\/div>\n\t\t\t\t\t<\/div>\n\t\t<\/section>\n\t\t\t\t<\/div>\n\t\t","protected":false},"excerpt":{"rendered":"<p>Liebe G\u00e4ste! Wir freuen uns, euch auf unsere Homepage begr\u00fc\u00dfen zu d\u00fcrfen! Kurz zu uns. Wir, Petra und Robert, f\u00fchren unseren Betrieb mit Herzblut und Begeisterung und bewirten unsere G\u00e4ste aus Leidenschaft bereits in der 6. Generation. Bei uns findest du f\u00fcr jeden Anlass den richtigen Platz. Durch unsere, erst k\u00fcrzlich durchgef\u00fchrten, Renovierungen ist es&#8230; <\/p>\n","protected":false},"author":1,"featured_media":0,"parent":0,"menu_order":0,"comment_status":"closed","ping_status":"closed","template":"elementor_header_footer","meta":{"_crdt_document":"","footnotes":""},"class_list":["post-181","page","type-page","status-publish","hentry"],"_links":{"self":[{"href":"https:\/\/www.stolli.co.at\/gasthof\/wp-json\/wp\/v2\/pages\/181","targetHints":{"allow":["GET"]}}],"collection":[{"href":"https:\/\/www.stolli.co.at\/gasthof\/wp-json\/wp\/v2\/pages"}],"about":[{"href":"https:\/\/www.stolli.co.at\/gasthof\/wp-json\/wp\/v2\/types\/page"}],"author":[{"embeddable":true,"href":"https:\/\/www.stolli.co.at\/gasthof\/wp-json\/wp\/v2\/users\/1"}],"replies":[{"embeddable":true,"href":"https:\/\/www.stolli.co.at\/gasthof\/wp-json\/wp\/v2\/comments?post=181"}],"version-history":[{"count":31,"href":"https:\/\/www.stolli.co.at\/gasthof\/wp-json\/wp\/v2\/pages\/181\/revisions"}],"predecessor-version":[{"id":901,"href":"https:\/\/www.stolli.co.at\/gasthof\/wp-json\/wp\/v2\/pages\/181\/revisions\/901"}],"wp:attachment":[{"href":"https:\/\/www.stolli.co.at\/gasthof\/wp-json\/wp\/v2\/media?parent=181"}],"curies":[{"name":"wp","href":"https:\/\/api.w.org\/{rel}","templated":true}]}}