{"id":196,"date":"2023-09-23T06:44:06","date_gmt":"2023-09-23T06:44:06","guid":{"rendered":"https:\/\/www.stolli.co.at\/gasthof\/?page_id=196"},"modified":"2024-04-19T11:05:28","modified_gmt":"2024-04-19T11:05:28","slug":"jobs","status":"publish","type":"page","link":"https:\/\/www.stolli.co.at\/gasthof\/jobs\/","title":{"rendered":"Jobs"},"content":{"rendered":"\t\t<div data-elementor-type=\"wp-page\" data-elementor-id=\"196\" class=\"elementor elementor-196\" data-elementor-post-type=\"page\">\n\t\t\t\t\t\t<section class=\"elementor-section elementor-top-section elementor-element elementor-element-064b60f elementor-section-boxed elementor-section-height-default elementor-section-height-default\" data-id=\"064b60f\" data-element_type=\"section\" data-e-type=\"section\">\n\t\t\t\t\t\t<div class=\"elementor-container elementor-column-gap-default\">\n\t\t\t\t\t<div class=\"elementor-column elementor-col-100 elementor-top-column elementor-element elementor-element-a78fa6a\" data-id=\"a78fa6a\" data-element_type=\"column\" data-e-type=\"column\">\n\t\t\t<div class=\"elementor-widget-wrap elementor-element-populated\">\n\t\t\t\t\t\t<div class=\"elementor-element elementor-element-2c14fab elementor-widget elementor-widget-text-editor\" data-id=\"2c14fab\" data-element_type=\"widget\" data-e-type=\"widget\" data-widget_type=\"text-editor.default\">\n\t\t\t\t<div class=\"elementor-widget-container\">\n\t\t\t\t\t\t\t\t\t<h5><strong>KOMM IN UNSER STOLLI-TEAM<\/strong><\/h5>\n<div>\n<p class=\"MsoNormal\" style=\"margin: 0cm; outline-color: currentcolor; outline-style: none; font-size: medium; font-family: Aptos, sans-serif; caret-color: rgb(0, 0, 0); color: rgb(0, 0, 0);\">Wir freuen uns immer \u00fcber Zuwachs in unserem Team. Deshalb w\u00fcrden wir uns auch freuen, dich bald bei uns als Mitarbeiter:in begr\u00fc\u00dfen zu d\u00fcrfen!<\/p><p class=\"MsoNormal\" style=\"margin: 0cm; outline-color: currentcolor; outline-style: none; font-size: medium; font-family: Aptos, sans-serif; caret-color: rgb(0, 0, 0); color: rgb(0, 0, 0);\"><br style=\"outline-color: currentcolor; outline-style: none;\"><\/p><p class=\"MsoNormal\" style=\"margin: 0cm; outline-color: currentcolor; outline-style: none; font-size: medium; font-family: Aptos, sans-serif; caret-color: rgb(0, 0, 0); color: rgb(0, 0, 0);\">Bei uns hast du die Chance, dich als Koch\/ K\u00f6chin, K\u00fcchenhilfe, Kellner:in oder Reinigungskraft zu beweisen.<\/p><p class=\"MsoNormal\" style=\"margin: 0cm; outline-color: currentcolor; outline-style: none; font-size: medium; font-family: Aptos, sans-serif; caret-color: rgb(0, 0, 0); color: rgb(0, 0, 0);\">Am wichtigsten ist uns, dass du verl\u00e4sslich, engagiert und teamf\u00e4hig bist!<\/p><p class=\"MsoNormal\" style=\"margin: 0cm; outline-color: currentcolor; outline-style: none; font-size: medium; font-family: Aptos, sans-serif; caret-color: rgb(0, 0, 0); color: rgb(0, 0, 0);\"><br style=\"outline-color: currentcolor; outline-style: none;\"><\/p><p class=\"MsoNormal\" style=\"margin: 0cm; outline-color: currentcolor; outline-style: none; font-size: medium; font-family: Aptos, sans-serif; caret-color: rgb(0, 0, 0); color: rgb(0, 0, 0);\">Hoffentlich bis bald!<\/p>\n<p style=\"margin: 0cm; font-size: medium; font-family: Aptos, sans-serif; caret-color: #000000; color: #000000;\">\n<\/p><\/div>\t\t\t\t\t\t\t\t<\/div>\n\t\t\t\t<\/div>\n\t\t\t\t\t<\/div>\n\t\t<\/div>\n\t\t\t\t\t<\/div>\n\t\t<\/section>\n\t\t\t\t<section class=\"elementor-section elementor-top-section elementor-element elementor-element-cad64c6 elementor-section-boxed elementor-section-height-default elementor-section-height-default\" data-id=\"cad64c6\" data-element_type=\"section\" data-e-type=\"section\">\n\t\t\t\t\t\t<div class=\"elementor-container elementor-column-gap-default\">\n\t\t\t\t\t<div class=\"elementor-column elementor-col-100 elementor-top-column elementor-element elementor-element-a8a0bd1\" data-id=\"a8a0bd1\" data-element_type=\"column\" data-e-type=\"column\">\n\t\t\t<div class=\"elementor-widget-wrap elementor-element-populated\">\n\t\t\t\t\t\t\t<\/div>\n\t\t<\/div>\n\t\t\t\t\t<\/div>\n\t\t<\/section>\n\t\t\t\t<\/div>\n\t\t","protected":false},"excerpt":{"rendered":"<p>KOMM IN UNSER STOLLI-TEAM Wir freuen uns immer \u00fcber Zuwachs in unserem Team. Deshalb w\u00fcrden wir uns auch freuen, dich bald bei uns als Mitarbeiter:in begr\u00fc\u00dfen zu d\u00fcrfen! Bei uns hast du die Chance, dich als Koch\/ K\u00f6chin, K\u00fcchenhilfe, Kellner:in oder Reinigungskraft zu beweisen. Am wichtigsten ist uns, dass du verl\u00e4sslich, engagiert und teamf\u00e4hig bist!&#8230; <\/p>\n","protected":false},"author":1,"featured_media":0,"parent":0,"menu_order":0,"comment_status":"closed","ping_status":"closed","template":"elementor_header_footer","meta":{"_crdt_document":"","footnotes":""},"class_list":["post-196","page","type-page","status-publish","hentry"],"_links":{"self":[{"href":"https:\/\/www.stolli.co.at\/gasthof\/wp-json\/wp\/v2\/pages\/196","targetHints":{"allow":["GET"]}}],"collection":[{"href":"https:\/\/www.stolli.co.at\/gasthof\/wp-json\/wp\/v2\/pages"}],"about":[{"href":"https:\/\/www.stolli.co.at\/gasthof\/wp-json\/wp\/v2\/types\/page"}],"author":[{"embeddable":true,"href":"https:\/\/www.stolli.co.at\/gasthof\/wp-json\/wp\/v2\/users\/1"}],"replies":[{"embeddable":true,"href":"https:\/\/www.stolli.co.at\/gasthof\/wp-json\/wp\/v2\/comments?post=196"}],"version-history":[{"count":65,"href":"https:\/\/www.stolli.co.at\/gasthof\/wp-json\/wp\/v2\/pages\/196\/revisions"}],"predecessor-version":[{"id":940,"href":"https:\/\/www.stolli.co.at\/gasthof\/wp-json\/wp\/v2\/pages\/196\/revisions\/940"}],"wp:attachment":[{"href":"https:\/\/www.stolli.co.at\/gasthof\/wp-json\/wp\/v2\/media?parent=196"}],"curies":[{"name":"wp","href":"https:\/\/api.w.org\/{rel}","templated":true}]}}