{"id":433,"date":"2023-10-29T12:27:10","date_gmt":"2023-10-29T12:27:10","guid":{"rendered":"https:\/\/www.stolli.co.at\/gasthof\/?page_id=433"},"modified":"2024-04-19T11:02:49","modified_gmt":"2024-04-19T11:02:49","slug":"rampenverkauf-2","status":"publish","type":"page","link":"https:\/\/www.stolli.co.at\/gasthof\/rampenverkauf-2\/","title":{"rendered":"Rampenverkauf"},"content":{"rendered":"\t\t<div data-elementor-type=\"wp-page\" data-elementor-id=\"433\" class=\"elementor elementor-433\" data-elementor-post-type=\"page\">\n\t\t\t\t\t\t<section class=\"elementor-section elementor-top-section elementor-element elementor-element-ee0a00a elementor-section-boxed elementor-section-height-default elementor-section-height-default\" data-id=\"ee0a00a\" data-element_type=\"section\" data-e-type=\"section\">\n\t\t\t\t\t\t<div class=\"elementor-container elementor-column-gap-default\">\n\t\t\t\t\t<div class=\"elementor-column elementor-col-100 elementor-top-column elementor-element elementor-element-252f0c3\" data-id=\"252f0c3\" data-element_type=\"column\" data-e-type=\"column\">\n\t\t\t<div class=\"elementor-widget-wrap elementor-element-populated\">\n\t\t\t\t\t\t\t<\/div>\n\t\t<\/div>\n\t\t\t\t\t<\/div>\n\t\t<\/section>\n\t\t\t\t<section class=\"elementor-section elementor-top-section elementor-element elementor-element-f23bb88 elementor-section-boxed elementor-section-height-default elementor-section-height-default\" data-id=\"f23bb88\" data-element_type=\"section\" data-e-type=\"section\">\n\t\t\t\t\t\t<div class=\"elementor-container elementor-column-gap-default\">\n\t\t\t\t\t<div class=\"elementor-column elementor-col-100 elementor-top-column elementor-element elementor-element-acd7482\" data-id=\"acd7482\" data-element_type=\"column\" data-e-type=\"column\">\n\t\t\t<div class=\"elementor-widget-wrap elementor-element-populated\">\n\t\t\t\t\t\t<div class=\"elementor-element elementor-element-edb6fed elementor-widget elementor-widget-text-editor\" data-id=\"edb6fed\" data-element_type=\"widget\" data-e-type=\"widget\" data-widget_type=\"text-editor.default\">\n\t\t\t\t<div class=\"elementor-widget-container\">\n\t\t\t\t\t\t\t\t\t<p style=\"font-weight: 400;\">Auch f\u00fcr eine Feier bei Ihnen zu Hause sind wir ger\u00fcstet.<\/p>\n<p style=\"font-weight: 400;\">Wir bieten s\u00e4mtliche Getr\u00e4nke der BRAU UNION \u00d6sterreich zum Direktbezug an.<\/p><p style=\"font-weight: 400;\">Bei Bierf\u00e4ssern ist auch Zubeh\u00f6r wie zum Beispiel Durchlaufk\u00fchler und Gl\u00e4ser verf\u00fcgbar.<\/p>\t\t\t\t\t\t\t\t<\/div>\n\t\t\t\t<\/div>\n\t\t\t\t\t<\/div>\n\t\t<\/div>\n\t\t\t\t\t<\/div>\n\t\t<\/section>\n\t\t\t\t<section class=\"elementor-section elementor-top-section elementor-element elementor-element-59d84b1 elementor-section-boxed elementor-section-height-default elementor-section-height-default\" data-id=\"59d84b1\" data-element_type=\"section\" data-e-type=\"section\">\n\t\t\t\t\t\t<div class=\"elementor-container elementor-column-gap-default\">\n\t\t\t\t\t<div class=\"elementor-column elementor-col-100 elementor-top-column elementor-element elementor-element-73f3ce2\" data-id=\"73f3ce2\" data-element_type=\"column\" data-e-type=\"column\">\n\t\t\t<div class=\"elementor-widget-wrap elementor-element-populated\">\n\t\t\t\t\t\t<div class=\"elementor-element elementor-element-565bb57 elementor-widget elementor-widget-image\" data-id=\"565bb57\" data-element_type=\"widget\" data-e-type=\"widget\" data-widget_type=\"image.default\">\n\t\t\t\t<div class=\"elementor-widget-container\">\n\t\t\t\t\t\t\t\t\t\t\t\t\t\t\t<img fetchpriority=\"high\" decoding=\"async\" width=\"1024\" height=\"768\" src=\"https:\/\/www.stolli.co.at\/gasthof\/wp-content\/uploads\/2024\/04\/IMG_0286-1024x768.jpg\" class=\"attachment-large size-large wp-image-877\" alt=\"\" srcset=\"https:\/\/www.stolli.co.at\/gasthof\/wp-content\/uploads\/2024\/04\/IMG_0286-1024x768.jpg 1024w, https:\/\/www.stolli.co.at\/gasthof\/wp-content\/uploads\/2024\/04\/IMG_0286-300x225.jpg 300w, https:\/\/www.stolli.co.at\/gasthof\/wp-content\/uploads\/2024\/04\/IMG_0286-768x576.jpg 768w, https:\/\/www.stolli.co.at\/gasthof\/wp-content\/uploads\/2024\/04\/IMG_0286-1536x1152.jpg 1536w, https:\/\/www.stolli.co.at\/gasthof\/wp-content\/uploads\/2024\/04\/IMG_0286-2048x1536.jpg 2048w\" sizes=\"(max-width: 1024px) 100vw, 1024px\" \/>\t\t\t\t\t\t\t\t\t\t\t\t\t\t\t<\/div>\n\t\t\t\t<\/div>\n\t\t\t\t\t<\/div>\n\t\t<\/div>\n\t\t\t\t\t<\/div>\n\t\t<\/section>\n\t\t\t\t<\/div>\n\t\t","protected":false},"excerpt":{"rendered":"<p>Auch f\u00fcr eine Feier bei Ihnen zu Hause sind wir ger\u00fcstet. Wir bieten s\u00e4mtliche Getr\u00e4nke der BRAU UNION \u00d6sterreich zum Direktbezug an. Bei Bierf\u00e4ssern ist auch Zubeh\u00f6r wie zum Beispiel Durchlaufk\u00fchler und Gl\u00e4ser verf\u00fcgbar.<\/p>\n","protected":false},"author":1,"featured_media":0,"parent":0,"menu_order":0,"comment_status":"closed","ping_status":"closed","template":"elementor_header_footer","meta":{"_crdt_document":"","footnotes":""},"class_list":["post-433","page","type-page","status-publish","hentry"],"_links":{"self":[{"href":"https:\/\/www.stolli.co.at\/gasthof\/wp-json\/wp\/v2\/pages\/433","targetHints":{"allow":["GET"]}}],"collection":[{"href":"https:\/\/www.stolli.co.at\/gasthof\/wp-json\/wp\/v2\/pages"}],"about":[{"href":"https:\/\/www.stolli.co.at\/gasthof\/wp-json\/wp\/v2\/types\/page"}],"author":[{"embeddable":true,"href":"https:\/\/www.stolli.co.at\/gasthof\/wp-json\/wp\/v2\/users\/1"}],"replies":[{"embeddable":true,"href":"https:\/\/www.stolli.co.at\/gasthof\/wp-json\/wp\/v2\/comments?post=433"}],"version-history":[{"count":11,"href":"https:\/\/www.stolli.co.at\/gasthof\/wp-json\/wp\/v2\/pages\/433\/revisions"}],"predecessor-version":[{"id":934,"href":"https:\/\/www.stolli.co.at\/gasthof\/wp-json\/wp\/v2\/pages\/433\/revisions\/934"}],"wp:attachment":[{"href":"https:\/\/www.stolli.co.at\/gasthof\/wp-json\/wp\/v2\/media?parent=433"}],"curies":[{"name":"wp","href":"https:\/\/api.w.org\/{rel}","templated":true}]}}